{"id":28,"date":"2023-09-10T22:25:28","date_gmt":"2023-09-11T01:25:28","guid":{"rendered":"http:\/\/ceibchapeco.com.br\/fundamental\/?page_id=28"},"modified":"2024-01-25T22:35:49","modified_gmt":"2024-01-26T01:35:49","slug":"diferencias-pedagogi","status":"publish","type":"page","link":"https:\/\/ceibchapeco.com.br\/fundamental\/diferencias-pedagogi\/","title":{"rendered":"Diferenciais Pedag\u00f3gicos"},"content":{"rendered":"\t\t<div data-elementor-type=\"wp-page\" data-elementor-id=\"28\" class=\"elementor elementor-28\" data-elementor-post-type=\"page\">\n\t\t\t\t\t\t\t<div class=\"elementor-element elementor-element-847fc0e e-flex e-con-boxed e-con e-parent\" data-id=\"847fc0e\" data-element_type=\"container\" data-settings=\"{&quot;background_background&quot;:&quot;classic&quot;,&quot;content_width&quot;:&quot;boxed&quot;,&quot;_ha_eqh_enable&quot;:false}\" data-core-v316-plus=\"true\">\n\t\t\t\t\t<div class=\"e-con-inner\">\n\t\t\t\t<div class=\"elementor-element elementor-element-38ba998 elementor-widget elementor-widget-heading\" data-id=\"38ba998\" data-element_type=\"widget\" data-widget_type=\"heading.default\">\n\t\t\t\t<div class=\"elementor-widget-container\">\n\t\t\t<style>\/*! elementor - v3.18.0 - 20-12-2023 *\/\n.elementor-heading-title{padding:0;margin:0;line-height:1}.elementor-widget-heading .elementor-heading-title[class*=elementor-size-]>a{color:inherit;font-size:inherit;line-height:inherit}.elementor-widget-heading .elementor-heading-title.elementor-size-small{font-size:15px}.elementor-widget-heading .elementor-heading-title.elementor-size-medium{font-size:19px}.elementor-widget-heading .elementor-heading-title.elementor-size-large{font-size:29px}.elementor-widget-heading .elementor-heading-title.elementor-size-xl{font-size:39px}.elementor-widget-heading .elementor-heading-title.elementor-size-xxl{font-size:59px}<\/style><h2 class=\"elementor-heading-title elementor-size-default\">Diferenciais Pedag\u00f3gicos<\/h2>\t\t<\/div>\n\t\t\t\t<\/div>\n\t\t\t\t\t<\/div>\n\t\t\t\t<\/div>\n\t\t<div class=\"elementor-element elementor-element-028bc0a e-flex e-con-boxed e-con e-parent\" data-id=\"028bc0a\" data-element_type=\"container\" data-settings=\"{&quot;content_width&quot;:&quot;boxed&quot;,&quot;_ha_eqh_enable&quot;:false}\" data-core-v316-plus=\"true\">\n\t\t\t\t\t<div class=\"e-con-inner\">\n\t\t\t\t<div class=\"elementor-element elementor-element-391b2e7 elementor-grid-3 elementor-grid-tablet-2 elementor-grid-mobile-1 elementor-posts--thumbnail-top elementor-widget elementor-widget-posts\" data-id=\"391b2e7\" data-element_type=\"widget\" data-settings=\"{&quot;classic_columns&quot;:&quot;3&quot;,&quot;classic_columns_tablet&quot;:&quot;2&quot;,&quot;classic_columns_mobile&quot;:&quot;1&quot;,&quot;classic_row_gap&quot;:{&quot;unit&quot;:&quot;px&quot;,&quot;size&quot;:35,&quot;sizes&quot;:[]},&quot;classic_row_gap_tablet&quot;:{&quot;unit&quot;:&quot;px&quot;,&quot;size&quot;:&quot;&quot;,&quot;sizes&quot;:[]},&quot;classic_row_gap_mobile&quot;:{&quot;unit&quot;:&quot;px&quot;,&quot;size&quot;:&quot;&quot;,&quot;sizes&quot;:[]}}\" data-widget_type=\"posts.classic\">\n\t\t\t\t<div class=\"elementor-widget-container\">\n\t\t\t<link rel=\"stylesheet\" href=\"https:\/\/ceibchapeco.com.br\/fundamental\/wp-content\/plugins\/elementor-pro\/assets\/css\/widget-posts.min.css\">\t\t<div class=\"elementor-posts-container elementor-posts elementor-posts--skin-classic elementor-grid\">\n\t\t\t\t<article class=\"elementor-post elementor-grid-item post-374 diferencias-pedagogi type-diferencias-pedagogi status-publish has-post-thumbnail hentry\">\n\t\t\t\t<a class=\"elementor-post__thumbnail__link\" href=\"https:\/\/ceibchapeco.com.br\/fundamental\/diferencia-pedagogic\/mostra-de-conhecimento-e-iniciacao-cientifica\/\" tabindex=\"-1\" >\n\t\t\t<div class=\"elementor-post__thumbnail\"><img fetchpriority=\"high\" decoding=\"async\" width=\"300\" height=\"199\" src=\"https:\/\/ceibchapeco.com.br\/fundamental\/wp-content\/uploads\/2024\/01\/DSC_7601-300x199.jpg\" class=\"attachment-medium size-medium wp-image-337\" alt=\"\" srcset=\"https:\/\/ceibchapeco.com.br\/fundamental\/wp-content\/uploads\/2024\/01\/DSC_7601-300x199.jpg 300w, https:\/\/ceibchapeco.com.br\/fundamental\/wp-content\/uploads\/2024\/01\/DSC_7601-1024x680.jpg 1024w, https:\/\/ceibchapeco.com.br\/fundamental\/wp-content\/uploads\/2024\/01\/DSC_7601-768x510.jpg 768w, https:\/\/ceibchapeco.com.br\/fundamental\/wp-content\/uploads\/2024\/01\/DSC_7601-1536x1020.jpg 1536w, https:\/\/ceibchapeco.com.br\/fundamental\/wp-content\/uploads\/2024\/01\/DSC_7601.jpg 1700w\" sizes=\"(max-width: 300px) 100vw, 300px\" \/><\/div>\n\t\t<\/a>\n\t\t\t\t<div class=\"elementor-post__text\">\n\t\t\t\t<h3 class=\"elementor-post__title\">\n\t\t\t<a href=\"https:\/\/ceibchapeco.com.br\/fundamental\/diferencia-pedagogic\/mostra-de-conhecimento-e-iniciacao-cientifica\/\" >\n\t\t\t\tMostra de Conhecimento e Inicia\u00e7\u00e3o Cient\u00edfica!\t\t\t<\/a>\n\t\t<\/h3>\n\t\t\t\t<div class=\"elementor-post__excerpt\">\n\t\t\t<p>Toda a escola participou com muito entusiasmo, criatividade e curiosidade cient\u00edfica. \ud83e\udde0\ud83d\udca1Foram momentos incr\u00edveis de aprendizado, troca de experi\u00eancias e descobertas que nos encheram de<\/p>\n\t\t<\/div>\n\t\t\n\t\t<a class=\"elementor-post__read-more\" href=\"https:\/\/ceibchapeco.com.br\/fundamental\/diferencia-pedagogic\/mostra-de-conhecimento-e-iniciacao-cientifica\/\" aria-label=\"Read more about Mostra de Conhecimento e Inicia\u00e7\u00e3o Cient\u00edfica!\" tabindex=\"-1\" >\n\t\t\tVeja mais \u00bb\t\t<\/a>\n\n\t\t\t\t<\/div>\n\t\t\t\t<\/article>\n\t\t\t\t<\/div>\n\t\t\n\t\t\t\t<\/div>\n\t\t\t\t<\/div>\n\t\t\t\t\t<\/div>\n\t\t\t\t<\/div>\n\t\t\t\t\t\t\t<\/div>\n\t\t","protected":false},"excerpt":{"rendered":"<p>Diferenciais Pedag\u00f3gicos<\/p>\n","protected":false},"author":1,"featured_media":0,"parent":0,"menu_order":0,"comment_status":"closed","ping_status":"closed","template":"elementor_header_footer","meta":{"footnotes":""},"_links":{"self":[{"href":"https:\/\/ceibchapeco.com.br\/fundamental\/wp-json\/wp\/v2\/pages\/28"}],"collection":[{"href":"https:\/\/ceibchapeco.com.br\/fundamental\/wp-json\/wp\/v2\/pages"}],"about":[{"href":"https:\/\/ceibchapeco.com.br\/fundamental\/wp-json\/wp\/v2\/types\/page"}],"author":[{"embeddable":true,"href":"https:\/\/ceibchapeco.com.br\/fundamental\/wp-json\/wp\/v2\/users\/1"}],"replies":[{"embeddable":true,"href":"https:\/\/ceibchapeco.com.br\/fundamental\/wp-json\/wp\/v2\/comments?post=28"}],"version-history":[{"count":0,"href":"https:\/\/ceibchapeco.com.br\/fundamental\/wp-json\/wp\/v2\/pages\/28\/revisions"}],"wp:attachment":[{"href":"https:\/\/ceibchapeco.com.br\/fundamental\/wp-json\/wp\/v2\/media?parent=28"}],"curies":[{"name":"wp","href":"https:\/\/api.w.org\/{rel}","templated":true}]}}